{"id":128,"date":"2019-04-27T21:50:08","date_gmt":"2019-04-27T19:50:08","guid":{"rendered":"https:\/\/www.iaeste-darmstadt.de\/new\/?page_id=128"},"modified":"2024-02-10T00:11:57","modified_gmt":"2024-02-09T23:11:57","slug":"impressum","status":"publish","type":"page","link":"https:\/\/www.iaeste-darmstadt.de\/new\/en\/impressum\/","title":{"rendered":"Impressum"},"content":{"rendered":"<div data-elementor-type=\"wp-page\" data-elementor-id=\"128\" class=\"elementor elementor-128\">\n\t\t\t\t\t\t<section class=\"elementor-section elementor-top-section elementor-element elementor-element-33889a69 elementor-section-boxed elementor-section-height-default elementor-section-height-default\" data-id=\"33889a69\" data-element_type=\"section\" data-e-type=\"section\">\n\t\t\t\t\t\t<div class=\"elementor-container elementor-column-gap-default\">\n\t\t\t\t\t<div class=\"elementor-column elementor-col-100 elementor-top-column elementor-element elementor-element-7b6bad3e\" data-id=\"7b6bad3e\" data-element_type=\"column\" data-e-type=\"column\">\n\t\t\t<div class=\"elementor-widget-wrap elementor-element-populated\">\n\t\t\t\t\t\t<div class=\"elementor-element elementor-element-70372418 elementor-widget elementor-widget-text-editor\" data-id=\"70372418\" data-element_type=\"widget\" data-e-type=\"widget\" data-widget_type=\"text-editor.default\">\n\t\t\t\t<div class=\"elementor-widget-container\">\n\t\t\t\t\t\t\t\t\t<p><\/p>\n<p><strong>Verantwortlich f\u00fcr den Inhalt:<\/strong><\/p>\n<p><\/p>\n<p><\/p>\n<p>IAESTE Darmstadt e.V.<br>Hochschulstra\u00dfe 1<br>64289 Darmstadt<\/p><p><a href=\"mailto:info@iaeste-darmstadt.de\">info@iaeste-darmstadt.de<\/a><\/p>\n<p><strong>Webmaster:<\/strong><\/p>\n<p><\/p>\n<p><\/p>\n<p><a href=\"mailto:webmaster@iaeste-darmstadt.de\">webmaster@iaeste-darmstadt.de<\/a>&nbsp;<\/p>\n<p><\/p>\n<p><\/p>\n<hr class=\"wp-block-separator\">\n<p><\/p>\n<p><\/p>\n<h3 class=\"wp-block-heading\">Erkl\u00e4rung<\/h3>\n<p><\/p>\n<p><\/p>\n<p>Mit seinem Urteil vom 12. Mai 1998 hat das Landgericht Hamburg entschieden, dass man durch die Ausbringung eines Links die Inhalte der gelinkten Seite ggf. mit zu verantworten hat. Dies kann &#8211; so das LG &#8211; nur dadurch verhindert werden, dass man sich ausdr\u00fccklich von diesen Inhalten distanziert.<br>Wir haben auf verschiedenen Seiten dieser Homepage Links zu anderen Seiten im Internet gelegt. Wir erkl\u00e4ren hiermit ausdr\u00fccklich, keinerlei Einfluss auf den Inhalt der gelinkten Seiten zu haben, diese Verantwortung liegt ausschlie\u00dflich bei den Verfasser*innen, Autor*innen und Betreiber*innen der jeweiligen Homepage und wir distanzieren uns daher ausdr\u00fccklich von den Inhalten die gegen geltendes Recht, sowie Anstand, Sitte und Moral versto\u00dfen. Verweise zu Homepages, deren illegaler Inhalt uns zur Kenntnis gelangt, angezeigt oder gemeldet wird, werden entfernt.<br>Diese Erkl\u00e4rung gilt f\u00fcr alle auf dieser Homepage ausgebrachten Links und f\u00fcr alle Inhalte der Seiten, zu denen diese Links f\u00fchren.<\/p>\n<p><\/p>\n<p><\/p>\n<h3 class=\"wp-block-heading\">Copyright<\/h3>\n<p><\/p>\n<p><\/p>\n<p>Das Layout der Homepage, die verwendeten Grafiken und Bilder, die Sammlung sowie einzelnen Beitr\u00e4ge sind urheberrechtlich gesch\u00fctzt. Alle Rechte, auch die der fotomechanischen Wiedergabe, der Vervielf\u00e4ltigung und der Verbreitung mittels besonderer Verfahren (zum Beispiel Datenverarbeitung, Datentr\u00e4ger und Datennetze), auch teilweise, beh\u00e4lt sich das IAESTE LC Darmstadt vor.<\/p>\n<p><\/p>\n<p><\/p>\n<h3 class=\"wp-block-heading\">Datenschutz<\/h3>\n<p><\/p>\n<p><\/p>\n<p>Sofern innerhalb des Internetangebotes die M\u00f6glichkeit der Eingabe von pers\u00f6nlichen Daten (E-Mailadresse, Namen, Anschriften) besteht, erfolgt diese freiwillig. IAESTE LC Darmstadt erkl\u00e4rt ausdr\u00fccklich, dass diese Daten nicht an Dritte weitergegeben werden. Weitere Informationen hierzu finden sich unter <a href=\"https:\/\/www.iaeste-darmstadt.de\/new\/en\/datenschutzerklaerung\/\">Data privacy statement<\/a>.<\/p>\n<p><\/p>\n<p><\/p>\n<h3 class=\"wp-block-heading\">Rechtswirksamkeit<\/h3>\n<p><\/p>\n<p><\/p>\n<p>Dieser Haftungsausschluss ist Teil des Internetangebotes des IAESTE LC Darmstadt. Sofern einzelne Formulierungen oder Teile dieses Textes der geltenden Rechtslage nicht mehr oder nicht mehr vollst\u00e4ndig entsprechen, bleiben die \u00fcbrigen Teile dieser Erkl\u00e4rung davon unber\u00fchrt.<\/p>\n<p><\/p>\t\t\t\t\t\t\t\t<\/div>\n\t\t\t\t<\/div>\n\t\t\t\t\t<\/div>\n\t\t<\/div>\n\t\t\t\t\t<\/div>\n\t\t<\/section>\n\t\t\t\t<\/div>","protected":false},"excerpt":{"rendered":"<p>Verantwortlich f\u00fcr den Inhalt: IAESTE Darmstadt e.V.Hochschulstra\u00dfe 164289 Darmstadt info@iaeste-darmstadt.de Webmaster: webmaster@iaeste-darmstadt.de&nbsp; Erkl\u00e4rung Mit seinem Urteil vom 12. Mai 1998 hat das Landgericht Hamburg entschieden, dass man durch die Ausbringung eines Links die Inhalte der gelinkten Seite ggf. mit zu [&hellip;]<\/p>\n","protected":false},"author":1,"featured_media":0,"parent":0,"menu_order":0,"comment_status":"closed","ping_status":"closed","template":"","meta":{"footnotes":""},"class_list":["post-128","page","type-page","status-publish","hentry"],"yoast_head":"<!-- This site is optimized with the Yoast SEO plugin v27.2 - https:\/\/yoast.com\/product\/yoast-seo-wordpress\/ -->\n<title>Impressum - IAESTE LC Darmstadt<\/title>\n<meta name=\"robots\" content=\"index, follow, max-snippet:-1, max-image-preview:large, max-video-preview:-1\" \/>\n<link rel=\"canonical\" href=\"https:\/\/www.iaeste-darmstadt.de\/new\/en\/impressum\/\" \/>\n<meta property=\"og:locale\" content=\"en_GB\" \/>\n<meta property=\"og:type\" content=\"article\" \/>\n<meta property=\"og:title\" content=\"Impressum - IAESTE LC Darmstadt\" \/>\n<meta property=\"og:description\" content=\"Verantwortlich f\u00fcr den Inhalt: IAESTE Darmstadt e.V.Hochschulstra\u00dfe 164289 Darmstadt info@iaeste-darmstadt.de Webmaster: webmaster@iaeste-darmstadt.de&nbsp; Erkl\u00e4rung Mit seinem Urteil vom 12. Mai 1998 hat das Landgericht Hamburg entschieden, dass man durch die Ausbringung eines Links die Inhalte der gelinkten Seite ggf. mit zu [&hellip;]\" \/>\n<meta property=\"og:url\" content=\"https:\/\/www.iaeste-darmstadt.de\/new\/en\/impressum\/\" \/>\n<meta property=\"og:site_name\" content=\"IAESTE LC Darmstadt\" \/>\n<meta property=\"article:modified_time\" content=\"2024-02-09T23:11:57+00:00\" \/>\n<meta name=\"twitter:card\" content=\"summary_large_image\" \/>\n<meta name=\"twitter:label1\" content=\"Estimated reading time\" \/>\n\t<meta name=\"twitter:data1\" content=\"2 minutes\" \/>\n<script type=\"application\/ld+json\" class=\"yoast-schema-graph\">{\"@context\":\"https:\/\/schema.org\",\"@graph\":[{\"@type\":\"WebPage\",\"@id\":\"https:\/\/www.iaeste-darmstadt.de\/new\/impressum\/\",\"url\":\"https:\/\/www.iaeste-darmstadt.de\/new\/impressum\/\",\"name\":\"Impressum - IAESTE LC Darmstadt\",\"isPartOf\":{\"@id\":\"https:\/\/www.iaeste-darmstadt.de\/new\/#website\"},\"datePublished\":\"2019-04-27T19:50:08+00:00\",\"dateModified\":\"2024-02-09T23:11:57+00:00\",\"breadcrumb\":{\"@id\":\"https:\/\/www.iaeste-darmstadt.de\/new\/impressum\/#breadcrumb\"},\"inLanguage\":\"en-GB\",\"potentialAction\":[{\"@type\":\"ReadAction\",\"target\":[\"https:\/\/www.iaeste-darmstadt.de\/new\/impressum\/\"]}]},{\"@type\":\"BreadcrumbList\",\"@id\":\"https:\/\/www.iaeste-darmstadt.de\/new\/impressum\/#breadcrumb\",\"itemListElement\":[{\"@type\":\"ListItem\",\"position\":1,\"name\":\"Startseite\",\"item\":\"https:\/\/www.iaeste-darmstadt.de\/new\/\"},{\"@type\":\"ListItem\",\"position\":2,\"name\":\"Impressum\"}]},{\"@type\":\"WebSite\",\"@id\":\"https:\/\/www.iaeste-darmstadt.de\/new\/#website\",\"url\":\"https:\/\/www.iaeste-darmstadt.de\/new\/\",\"name\":\"IAESTE LC Darmstadt\",\"description\":\"International Association for the Exchange of Students for Technical Experience\",\"potentialAction\":[{\"@type\":\"SearchAction\",\"target\":{\"@type\":\"EntryPoint\",\"urlTemplate\":\"https:\/\/www.iaeste-darmstadt.de\/new\/?s={search_term_string}\"},\"query-input\":{\"@type\":\"PropertyValueSpecification\",\"valueRequired\":true,\"valueName\":\"search_term_string\"}}],\"inLanguage\":\"en-GB\"}]}<\/script>\n<!-- \/ Yoast SEO plugin. -->","yoast_head_json":{"title":"Impressum - IAESTE LC Darmstadt","robots":{"index":"index","follow":"follow","max-snippet":"max-snippet:-1","max-image-preview":"max-image-preview:large","max-video-preview":"max-video-preview:-1"},"canonical":"https:\/\/www.iaeste-darmstadt.de\/new\/en\/impressum\/","og_locale":"en_GB","og_type":"article","og_title":"Impressum - IAESTE LC Darmstadt","og_description":"Verantwortlich f\u00fcr den Inhalt: IAESTE Darmstadt e.V.Hochschulstra\u00dfe 164289 Darmstadt info@iaeste-darmstadt.de Webmaster: webmaster@iaeste-darmstadt.de&nbsp; Erkl\u00e4rung Mit seinem Urteil vom 12. Mai 1998 hat das Landgericht Hamburg entschieden, dass man durch die Ausbringung eines Links die Inhalte der gelinkten Seite ggf. mit zu [&hellip;]","og_url":"https:\/\/www.iaeste-darmstadt.de\/new\/en\/impressum\/","og_site_name":"IAESTE LC Darmstadt","article_modified_time":"2024-02-09T23:11:57+00:00","twitter_card":"summary_large_image","twitter_misc":{"Estimated reading time":"2 minutes"},"schema":{"@context":"https:\/\/schema.org","@graph":[{"@type":"WebPage","@id":"https:\/\/www.iaeste-darmstadt.de\/new\/impressum\/","url":"https:\/\/www.iaeste-darmstadt.de\/new\/impressum\/","name":"Impressum - IAESTE LC Darmstadt","isPartOf":{"@id":"https:\/\/www.iaeste-darmstadt.de\/new\/#website"},"datePublished":"2019-04-27T19:50:08+00:00","dateModified":"2024-02-09T23:11:57+00:00","breadcrumb":{"@id":"https:\/\/www.iaeste-darmstadt.de\/new\/impressum\/#breadcrumb"},"inLanguage":"en-GB","potentialAction":[{"@type":"ReadAction","target":["https:\/\/www.iaeste-darmstadt.de\/new\/impressum\/"]}]},{"@type":"BreadcrumbList","@id":"https:\/\/www.iaeste-darmstadt.de\/new\/impressum\/#breadcrumb","itemListElement":[{"@type":"ListItem","position":1,"name":"Startseite","item":"https:\/\/www.iaeste-darmstadt.de\/new\/"},{"@type":"ListItem","position":2,"name":"Impressum"}]},{"@type":"WebSite","@id":"https:\/\/www.iaeste-darmstadt.de\/new\/#website","url":"https:\/\/www.iaeste-darmstadt.de\/new\/","name":"IAESTE LC Darmstadt","description":"International Association for the Exchange of Students for Technical Experience","potentialAction":[{"@type":"SearchAction","target":{"@type":"EntryPoint","urlTemplate":"https:\/\/www.iaeste-darmstadt.de\/new\/?s={search_term_string}"},"query-input":{"@type":"PropertyValueSpecification","valueRequired":true,"valueName":"search_term_string"}}],"inLanguage":"en-GB"}]}},"_links":{"self":[{"href":"https:\/\/www.iaeste-darmstadt.de\/new\/en\/wp-json\/wp\/v2\/pages\/128","targetHints":{"allow":["GET"]}}],"collection":[{"href":"https:\/\/www.iaeste-darmstadt.de\/new\/en\/wp-json\/wp\/v2\/pages"}],"about":[{"href":"https:\/\/www.iaeste-darmstadt.de\/new\/en\/wp-json\/wp\/v2\/types\/page"}],"author":[{"embeddable":true,"href":"https:\/\/www.iaeste-darmstadt.de\/new\/en\/wp-json\/wp\/v2\/users\/1"}],"replies":[{"embeddable":true,"href":"https:\/\/www.iaeste-darmstadt.de\/new\/en\/wp-json\/wp\/v2\/comments?post=128"}],"version-history":[{"count":8,"href":"https:\/\/www.iaeste-darmstadt.de\/new\/en\/wp-json\/wp\/v2\/pages\/128\/revisions"}],"predecessor-version":[{"id":1007,"href":"https:\/\/www.iaeste-darmstadt.de\/new\/en\/wp-json\/wp\/v2\/pages\/128\/revisions\/1007"}],"wp:attachment":[{"href":"https:\/\/www.iaeste-darmstadt.de\/new\/en\/wp-json\/wp\/v2\/media?parent=128"}],"curies":[{"name":"wp","href":"https:\/\/api.w.org\/{rel}","templated":true}]}}