{"id":53,"date":"2019-02-07T01:07:38","date_gmt":"2019-02-07T00:07:38","guid":{"rendered":"https:\/\/www.iaeste-darmstadt.de\/new\/?page_id=53"},"modified":"2022-01-25T20:05:33","modified_gmt":"2022-01-25T19:05:33","slug":"iaeste-allgemein","status":"publish","type":"page","link":"https:\/\/www.iaeste-darmstadt.de\/new\/en\/lc-darmstadt\/iaeste-allgemein\/","title":{"rendered":"About IAESTE"},"content":{"rendered":"<div data-elementor-type=\"wp-page\" data-elementor-id=\"53\" class=\"elementor elementor-53\">\n\t\t\t\t\t\t<section class=\"elementor-section elementor-top-section elementor-element elementor-element-c41cb76 elementor-section-boxed elementor-section-height-default elementor-section-height-default\" data-id=\"c41cb76\" data-element_type=\"section\" data-e-type=\"section\">\n\t\t\t\t\t\t<div class=\"elementor-container elementor-column-gap-default\">\n\t\t\t\t\t<div class=\"elementor-column elementor-col-100 elementor-top-column elementor-element elementor-element-bd1fe9c\" data-id=\"bd1fe9c\" data-element_type=\"column\" data-e-type=\"column\">\n\t\t\t<div class=\"elementor-widget-wrap elementor-element-populated\">\n\t\t\t\t\t\t<div class=\"elementor-element elementor-element-0694eaf elementor-widget elementor-widget-text-editor\" data-id=\"0694eaf\" data-element_type=\"widget\" data-e-type=\"widget\" data-widget_type=\"text-editor.default\">\n\t\t\t\t<div class=\"elementor-widget-container\">\n\t\t\t\t\t\t\t\t\t<h4>IAESTE in short<\/h4>\n<ul>\n<li>Global exchange of interns<\/li>\n<li>More than 80 member countries worldwide<\/li>\n<li>In Germany part of the DAAD<\/li>\n<li>About 1000 available internships per year for Germany<\/li>\n<li>Mentoring at the universities is usually done by volunteering students<\/li>\n<li>The number of available interships abroad equals the number of offered internships for incomers<\/li>\n<\/ul>\n<h4>&nbsp;<\/h4>\n<h4>What is IAESTE?<\/h4>\n<p>The International Association for the Exchange of Students for Technical Experience - in short IAESTE - is an international, non-political, independent organization organizing internships abroad.<\/p>\n<h4>&nbsp;<\/h4>\n<h4>IAESTE History<\/h4>\n<p>IAESTE was founded in 1948 in London and has so far sent more than 300.000 students to over 85 countries. Germany is a member of the IAESTE program since 1950. It is represented by the German Academic Exchange Service (DAAD).<\/p>\n<h4>&nbsp;<\/h4>\n<h4>IAESTE Organisational Structure<\/h4>\n<p>IAESTE is supported by the Federal Ministry of Education and Research and the Federal Foreign Office. The local committees consist of committed students of the particular university. Where this is not possible, the international offices  take care of the assignments of IAESTE.<\/p>\n<h4>&nbsp;<\/h4>\n<h4>Activities of IAESTE<\/h4>\n<p>The Local Committees (LC) accept applications for internships abroad. The placement of these internships, which are usually between 8 and 12 weeks long, is of course free of charge. On the other hand, the LCs also look after the foreign students on site. This includes, for example, finding a room, dealing with the authorities and organising leisure activities.<\/p>\n<h4>&nbsp;<\/h4>\n<h4>Aim of IAESTE<\/h4>\n<p>IAESTE internships intend to give students of engineering, science, mathematics, computer science, agriculture and forestry a better practical experience and insight into the life, culture and way of thinking of other people and cultures.<\/p>\t\t\t\t\t\t\t\t<\/div>\n\t\t\t\t<\/div>\n\t\t\t\t\t<\/div>\n\t\t<\/div>\n\t\t\t\t\t<\/div>\n\t\t<\/section>\n\t\t\t\t<\/div>","protected":false},"excerpt":{"rendered":"<p>IAESTE in K\u00fcrze Weltweiter Praktikant*innenaustausch Weltweit etwa 80 Mitgliedsl\u00e4nder In Deutschland Teil des DAAD Zurzeit j\u00e4hrlich etwa 1000 getauschte Praktikumspl\u00e4tze f\u00fcr Deutschland Betreuung erfolgt an den Universit\u00e4ten zumeist ehrenamtlich durch Student*innen Anzahl angebotener Praktikumspl\u00e4tze = Anzahl erhaltener Praktikumspl\u00e4tze &nbsp; Was [&hellip;]<\/p>\n","protected":false},"author":1,"featured_media":0,"parent":35,"menu_order":0,"comment_status":"closed","ping_status":"closed","template":"","meta":{"footnotes":""},"class_list":["post-53","page","type-page","status-publish","hentry"],"yoast_head":"<!-- This site is optimized with the Yoast SEO plugin v27.2 - https:\/\/yoast.com\/product\/yoast-seo-wordpress\/ -->\n<title>IAESTE Allgemein - IAESTE LC Darmstadt<\/title>\n<meta name=\"robots\" content=\"index, follow, max-snippet:-1, max-image-preview:large, max-video-preview:-1\" \/>\n<link rel=\"canonical\" href=\"https:\/\/www.iaeste-darmstadt.de\/new\/en\/lc-darmstadt\/iaeste-allgemein\/\" \/>\n<meta property=\"og:locale\" content=\"en_GB\" \/>\n<meta property=\"og:type\" content=\"article\" \/>\n<meta property=\"og:title\" content=\"IAESTE Allgemein - IAESTE LC Darmstadt\" \/>\n<meta property=\"og:description\" content=\"IAESTE in K\u00fcrze Weltweiter Praktikant*innenaustausch Weltweit etwa 80 Mitgliedsl\u00e4nder In Deutschland Teil des DAAD Zurzeit j\u00e4hrlich etwa 1000 getauschte Praktikumspl\u00e4tze f\u00fcr Deutschland Betreuung erfolgt an den Universit\u00e4ten zumeist ehrenamtlich durch Student*innen Anzahl angebotener Praktikumspl\u00e4tze = Anzahl erhaltener Praktikumspl\u00e4tze &nbsp; Was [&hellip;]\" \/>\n<meta property=\"og:url\" content=\"https:\/\/www.iaeste-darmstadt.de\/new\/en\/lc-darmstadt\/iaeste-allgemein\/\" \/>\n<meta property=\"og:site_name\" content=\"IAESTE LC Darmstadt\" \/>\n<meta property=\"article:modified_time\" content=\"2022-01-25T19:05:33+00:00\" \/>\n<meta name=\"twitter:card\" content=\"summary_large_image\" \/>\n<meta name=\"twitter:label1\" content=\"Estimated reading time\" \/>\n\t<meta name=\"twitter:data1\" content=\"1 minute\" \/>\n<script type=\"application\/ld+json\" class=\"yoast-schema-graph\">{\"@context\":\"https:\/\/schema.org\",\"@graph\":[{\"@type\":\"WebPage\",\"@id\":\"https:\/\/www.iaeste-darmstadt.de\/new\/lc-darmstadt\/iaeste-allgemein\/\",\"url\":\"https:\/\/www.iaeste-darmstadt.de\/new\/lc-darmstadt\/iaeste-allgemein\/\",\"name\":\"IAESTE Allgemein - IAESTE LC Darmstadt\",\"isPartOf\":{\"@id\":\"https:\/\/www.iaeste-darmstadt.de\/new\/#website\"},\"datePublished\":\"2019-02-07T00:07:38+00:00\",\"dateModified\":\"2022-01-25T19:05:33+00:00\",\"breadcrumb\":{\"@id\":\"https:\/\/www.iaeste-darmstadt.de\/new\/lc-darmstadt\/iaeste-allgemein\/#breadcrumb\"},\"inLanguage\":\"en-GB\",\"potentialAction\":[{\"@type\":\"ReadAction\",\"target\":[\"https:\/\/www.iaeste-darmstadt.de\/new\/lc-darmstadt\/iaeste-allgemein\/\"]}]},{\"@type\":\"BreadcrumbList\",\"@id\":\"https:\/\/www.iaeste-darmstadt.de\/new\/lc-darmstadt\/iaeste-allgemein\/#breadcrumb\",\"itemListElement\":[{\"@type\":\"ListItem\",\"position\":1,\"name\":\"Startseite\",\"item\":\"https:\/\/www.iaeste-darmstadt.de\/new\/\"},{\"@type\":\"ListItem\",\"position\":2,\"name\":\"IAESTE LC Darmstadt\",\"item\":\"http:\/\/www.iaeste-darmstadt.de\/new\/en\/lc-darmstadt\/\"},{\"@type\":\"ListItem\",\"position\":3,\"name\":\"IAESTE Allgemein\"}]},{\"@type\":\"WebSite\",\"@id\":\"https:\/\/www.iaeste-darmstadt.de\/new\/#website\",\"url\":\"https:\/\/www.iaeste-darmstadt.de\/new\/\",\"name\":\"IAESTE LC Darmstadt\",\"description\":\"International Association for the Exchange of Students for Technical Experience\",\"potentialAction\":[{\"@type\":\"SearchAction\",\"target\":{\"@type\":\"EntryPoint\",\"urlTemplate\":\"https:\/\/www.iaeste-darmstadt.de\/new\/?s={search_term_string}\"},\"query-input\":{\"@type\":\"PropertyValueSpecification\",\"valueRequired\":true,\"valueName\":\"search_term_string\"}}],\"inLanguage\":\"en-GB\"}]}<\/script>\n<!-- \/ Yoast SEO plugin. -->","yoast_head_json":{"title":"IAESTE Allgemein - IAESTE LC Darmstadt","robots":{"index":"index","follow":"follow","max-snippet":"max-snippet:-1","max-image-preview":"max-image-preview:large","max-video-preview":"max-video-preview:-1"},"canonical":"https:\/\/www.iaeste-darmstadt.de\/new\/en\/lc-darmstadt\/iaeste-allgemein\/","og_locale":"en_GB","og_type":"article","og_title":"IAESTE Allgemein - IAESTE LC Darmstadt","og_description":"IAESTE in K\u00fcrze Weltweiter Praktikant*innenaustausch Weltweit etwa 80 Mitgliedsl\u00e4nder In Deutschland Teil des DAAD Zurzeit j\u00e4hrlich etwa 1000 getauschte Praktikumspl\u00e4tze f\u00fcr Deutschland Betreuung erfolgt an den Universit\u00e4ten zumeist ehrenamtlich durch Student*innen Anzahl angebotener Praktikumspl\u00e4tze = Anzahl erhaltener Praktikumspl\u00e4tze &nbsp; Was [&hellip;]","og_url":"https:\/\/www.iaeste-darmstadt.de\/new\/en\/lc-darmstadt\/iaeste-allgemein\/","og_site_name":"IAESTE LC Darmstadt","article_modified_time":"2022-01-25T19:05:33+00:00","twitter_card":"summary_large_image","twitter_misc":{"Estimated reading time":"1 minute"},"schema":{"@context":"https:\/\/schema.org","@graph":[{"@type":"WebPage","@id":"https:\/\/www.iaeste-darmstadt.de\/new\/lc-darmstadt\/iaeste-allgemein\/","url":"https:\/\/www.iaeste-darmstadt.de\/new\/lc-darmstadt\/iaeste-allgemein\/","name":"IAESTE Allgemein - IAESTE LC Darmstadt","isPartOf":{"@id":"https:\/\/www.iaeste-darmstadt.de\/new\/#website"},"datePublished":"2019-02-07T00:07:38+00:00","dateModified":"2022-01-25T19:05:33+00:00","breadcrumb":{"@id":"https:\/\/www.iaeste-darmstadt.de\/new\/lc-darmstadt\/iaeste-allgemein\/#breadcrumb"},"inLanguage":"en-GB","potentialAction":[{"@type":"ReadAction","target":["https:\/\/www.iaeste-darmstadt.de\/new\/lc-darmstadt\/iaeste-allgemein\/"]}]},{"@type":"BreadcrumbList","@id":"https:\/\/www.iaeste-darmstadt.de\/new\/lc-darmstadt\/iaeste-allgemein\/#breadcrumb","itemListElement":[{"@type":"ListItem","position":1,"name":"Startseite","item":"https:\/\/www.iaeste-darmstadt.de\/new\/"},{"@type":"ListItem","position":2,"name":"IAESTE LC Darmstadt","item":"http:\/\/www.iaeste-darmstadt.de\/new\/en\/lc-darmstadt\/"},{"@type":"ListItem","position":3,"name":"IAESTE Allgemein"}]},{"@type":"WebSite","@id":"https:\/\/www.iaeste-darmstadt.de\/new\/#website","url":"https:\/\/www.iaeste-darmstadt.de\/new\/","name":"IAESTE LC Darmstadt","description":"International Association for the Exchange of Students for Technical Experience","potentialAction":[{"@type":"SearchAction","target":{"@type":"EntryPoint","urlTemplate":"https:\/\/www.iaeste-darmstadt.de\/new\/?s={search_term_string}"},"query-input":{"@type":"PropertyValueSpecification","valueRequired":true,"valueName":"search_term_string"}}],"inLanguage":"en-GB"}]}},"_links":{"self":[{"href":"https:\/\/www.iaeste-darmstadt.de\/new\/en\/wp-json\/wp\/v2\/pages\/53","targetHints":{"allow":["GET"]}}],"collection":[{"href":"https:\/\/www.iaeste-darmstadt.de\/new\/en\/wp-json\/wp\/v2\/pages"}],"about":[{"href":"https:\/\/www.iaeste-darmstadt.de\/new\/en\/wp-json\/wp\/v2\/types\/page"}],"author":[{"embeddable":true,"href":"https:\/\/www.iaeste-darmstadt.de\/new\/en\/wp-json\/wp\/v2\/users\/1"}],"replies":[{"embeddable":true,"href":"https:\/\/www.iaeste-darmstadt.de\/new\/en\/wp-json\/wp\/v2\/comments?post=53"}],"version-history":[{"count":11,"href":"https:\/\/www.iaeste-darmstadt.de\/new\/en\/wp-json\/wp\/v2\/pages\/53\/revisions"}],"predecessor-version":[{"id":612,"href":"https:\/\/www.iaeste-darmstadt.de\/new\/en\/wp-json\/wp\/v2\/pages\/53\/revisions\/612"}],"up":[{"embeddable":true,"href":"https:\/\/www.iaeste-darmstadt.de\/new\/en\/wp-json\/wp\/v2\/pages\/35"}],"wp:attachment":[{"href":"https:\/\/www.iaeste-darmstadt.de\/new\/en\/wp-json\/wp\/v2\/media?parent=53"}],"curies":[{"name":"wp","href":"https:\/\/api.w.org\/{rel}","templated":true}]}}