{"id":36,"date":"2019-02-07T00:58:19","date_gmt":"2019-02-06T23:58:19","guid":{"rendered":"https:\/\/www.iaeste-darmstadt.de\/new\/?page_id=36"},"modified":"2024-04-01T10:49:52","modified_gmt":"2024-04-01T08:49:52","slug":"incoming","status":"publish","type":"page","link":"https:\/\/www.iaeste-darmstadt.de\/new\/incoming\/","title":{"rendered":"Incoming"},"content":{"rendered":"\t\t<div data-elementor-type=\"wp-post\" data-elementor-id=\"36\" class=\"elementor elementor-36\">\n\t\t\t\t\t\t<section class=\"elementor-section elementor-top-section elementor-element elementor-element-31d1b021 elementor-section-boxed elementor-section-height-default elementor-section-height-default\" data-id=\"31d1b021\" data-element_type=\"section\" data-e-type=\"section\">\n\t\t\t\t\t\t<div class=\"elementor-container elementor-column-gap-default\">\n\t\t\t\t\t<div class=\"elementor-column elementor-col-100 elementor-top-column elementor-element elementor-element-384807d\" data-id=\"384807d\" data-element_type=\"column\" data-e-type=\"column\">\n\t\t\t<div class=\"elementor-widget-wrap elementor-element-populated\">\n\t\t\t\t\t\t<div class=\"elementor-element elementor-element-11ecd631 elementor-widget elementor-widget-text-editor\" data-id=\"11ecd631\" data-element_type=\"widget\" data-e-type=\"widget\" data-widget_type=\"text-editor.default\">\n\t\t\t\t<div class=\"elementor-widget-container\">\n\t\t\t\t\t\t\t\t\t<p><\/p>\n<p>\n<\/p>\n<h2 class=\"wp-block-heading\">Welcome to Darmstadt!<\/h2>\n<p>\n<\/p>\n<p>\n<\/p>\n<p>Wir freuen uns, dass du dich f\u00fcr ein Praktikum in Darmstadt beworben hast. Sobald der\/die Arbeitgeber*in deine Bewerbung akzeptiert hat, steht deinem Praktikum nichts mehr im Wege!<\/p>\n<p>\n<\/p>\n<p>\n<\/p>\n<figure><figure id=\"attachment_98\" aria-describedby=\"caption-attachment-98\" style=\"width: 1024px\" class=\"wp-caption alignnone\"><img fetchpriority=\"high\" decoding=\"async\" src=\"https:\/\/www.iaeste-darmstadt.de\/new\/wp-content\/uploads\/2019\/04\/Luisenplatz-und-Regierungspraesidium-Darmstadt-Marketing-Ruediger-Dunker-1024x682.jpg\" alt=\"\" width=\"1024\" height=\"682\"><figcaption id=\"caption-attachment-98\" class=\"wp-caption-text\">Foto: R\u00fcdiger Dunker<\/figcaption><\/figure>\n<\/figure>\n<p>\n<\/p>\n<p>\n<\/p>\n<p>Wir sind eine kleine Gruppe von ca. 10 Student*innen in Darmstadt und bilden das IAESTE Lokalkomitee Darmstadt. Wir arbeiten ehrenamtlich f\u00fcr IAESTE, weil wir sehr interessiert daran sind, Leute aus aller Welt kennenzulernen und auf diesem Wege mehr \u00fcber andere Kulturen und Sprachen zu erfahren \u2013 genau wie du! Aus diesem Grunde geben wir alles, um deinen Aufenthalt in Darmstadt so angenehm und abwechslungsreich wie m\u00f6glich zu gestalten.&nbsp;<\/p>\n<p>Im Rahmen unserer Sommerbetreuung veranstalten wir z.B. verschiedene Ausfl\u00fcge und Events f\u00fcr unsere Praktikant*innen. W\u00e4hrend deines Praktikums hast du die M\u00f6glichkeit, wertvolle Erfahrungen f\u00fcr dein Studienfach zu sammeln und neue Dinge zu lernen. Gleichzeitig m\u00f6chten wir dir w\u00e4hrend deiner Zeit in Deutschland aber auch die deutsche Gesellschaft und Kultur n\u00e4herbringen. Zusammen mit uns und weiteren Praktikant*innen wirst du daher sicherlich eine unvergessliche Zeit in Darmstadt verbringen!<\/p>\n<p>\n<\/p>\n<p>\n<\/p>\n<p>Auf diesen Seiten findest du einige wichtige Informationen f\u00fcr deinen Aufenthalt in Darmstadt. Solltest du weitere Fragen haben, kannst du uns immer unter info@iaeste-darmstadt.de kontaktieren.<\/p>\n<p>\n<\/p>\t\t\t\t\t\t\t\t<\/div>\n\t\t\t\t<\/div>\n\t\t\t\t\t<\/div>\n\t\t<\/div>\n\t\t\t\t\t<\/div>\n\t\t<\/section>\n\t\t\t\t<section class=\"elementor-section elementor-top-section elementor-element elementor-element-d420fac elementor-section-boxed elementor-section-height-default elementor-section-height-default\" data-id=\"d420fac\" data-element_type=\"section\" data-e-type=\"section\">\n\t\t\t\t\t\t<div class=\"elementor-container elementor-column-gap-default\">\n\t\t\t\t\t<div class=\"elementor-column elementor-col-100 elementor-top-column elementor-element elementor-element-d5a3f3a\" data-id=\"d5a3f3a\" data-element_type=\"column\" data-e-type=\"column\">\n\t\t\t<div class=\"elementor-widget-wrap elementor-element-populated\">\n\t\t\t\t\t\t<div class=\"elementor-element elementor-element-a5b8674 elementor-widget elementor-widget-video\" data-id=\"a5b8674\" data-element_type=\"widget\" data-e-type=\"widget\" data-settings=\"{&quot;youtube_url&quot;:&quot;https:\\\/\\\/www.youtube.com\\\/watch?v=FZJ2WkDBe7U&quot;,&quot;yt_privacy&quot;:&quot;yes&quot;,&quot;video_type&quot;:&quot;youtube&quot;,&quot;controls&quot;:&quot;yes&quot;}\" data-widget_type=\"video.default\">\n\t\t\t\t<div class=\"elementor-widget-container\">\n\t\t\t\t\t\t\t<div class=\"elementor-wrapper elementor-open-inline\">\n\t\t\t<div class=\"elementor-video\"><\/div>\t\t<\/div>\n\t\t\t\t\t\t<\/div>\n\t\t\t\t<\/div>\n\t\t\t\t\t<\/div>\n\t\t<\/div>\n\t\t\t\t\t<\/div>\n\t\t<\/section>\n\t\t\t\t<\/div>\n\t\t","protected":false},"excerpt":{"rendered":"<p>Welcome to Darmstadt! Wir freuen uns, dass du dich f\u00fcr ein Praktikum in Darmstadt beworben hast. Sobald der\/die Arbeitgeber*in deine Bewerbung akzeptiert hat, steht deinem Praktikum nichts mehr im Wege! Wir sind eine kleine Gruppe von ca. 10 Student*innen in [&hellip;]<\/p>\n","protected":false},"author":1,"featured_media":0,"parent":0,"menu_order":0,"comment_status":"closed","ping_status":"closed","template":"elementor_header_footer","meta":{"footnotes":""},"class_list":["post-36","page","type-page","status-publish","hentry"],"yoast_head":"<!-- This site is optimized with the Yoast SEO plugin v27.2 - https:\/\/yoast.com\/product\/yoast-seo-wordpress\/ -->\n<title>Incoming - IAESTE LC Darmstadt<\/title>\n<meta name=\"robots\" content=\"index, follow, max-snippet:-1, max-image-preview:large, max-video-preview:-1\" \/>\n<link rel=\"canonical\" href=\"https:\/\/www.iaeste-darmstadt.de\/new\/incoming\/\" \/>\n<meta property=\"og:locale\" content=\"de_DE\" \/>\n<meta property=\"og:type\" content=\"article\" \/>\n<meta property=\"og:title\" content=\"Incoming - IAESTE LC Darmstadt\" \/>\n<meta property=\"og:description\" content=\"Welcome to Darmstadt! Wir freuen uns, dass du dich f\u00fcr ein Praktikum in Darmstadt beworben hast. Sobald der\/die Arbeitgeber*in deine Bewerbung akzeptiert hat, steht deinem Praktikum nichts mehr im Wege! Wir sind eine kleine Gruppe von ca. 10 Student*innen in [&hellip;]\" \/>\n<meta property=\"og:url\" content=\"https:\/\/www.iaeste-darmstadt.de\/new\/incoming\/\" \/>\n<meta property=\"og:site_name\" content=\"IAESTE LC Darmstadt\" \/>\n<meta property=\"article:modified_time\" content=\"2024-04-01T08:49:52+00:00\" \/>\n<meta property=\"og:image\" content=\"https:\/\/www.iaeste-darmstadt.de\/new\/wp-content\/uploads\/2019\/04\/Luisenplatz-und-Regierungspraesidium-Darmstadt-Marketing-Ruediger-Dunker-1024x682.jpg\" \/>\n<meta name=\"twitter:card\" content=\"summary_large_image\" \/>\n<meta name=\"twitter:label1\" content=\"Gesch\u00e4tzte Lesezeit\" \/>\n\t<meta name=\"twitter:data1\" content=\"2\u00a0Minuten\" \/>\n<script type=\"application\/ld+json\" class=\"yoast-schema-graph\">{\"@context\":\"https:\/\/schema.org\",\"@graph\":[{\"@type\":\"WebPage\",\"@id\":\"https:\/\/www.iaeste-darmstadt.de\/new\/incoming\/\",\"url\":\"https:\/\/www.iaeste-darmstadt.de\/new\/incoming\/\",\"name\":\"Incoming - IAESTE LC Darmstadt\",\"isPartOf\":{\"@id\":\"https:\/\/www.iaeste-darmstadt.de\/new\/#website\"},\"primaryImageOfPage\":{\"@id\":\"https:\/\/www.iaeste-darmstadt.de\/new\/incoming\/#primaryimage\"},\"image\":{\"@id\":\"https:\/\/www.iaeste-darmstadt.de\/new\/incoming\/#primaryimage\"},\"thumbnailUrl\":\"https:\/\/www.iaeste-darmstadt.de\/new\/wp-content\/uploads\/2019\/04\/Luisenplatz-und-Regierungspraesidium-Darmstadt-Marketing-Ruediger-Dunker-1024x682.jpg\",\"datePublished\":\"2019-02-06T23:58:19+00:00\",\"dateModified\":\"2024-04-01T08:49:52+00:00\",\"breadcrumb\":{\"@id\":\"https:\/\/www.iaeste-darmstadt.de\/new\/incoming\/#breadcrumb\"},\"inLanguage\":\"de\",\"potentialAction\":[{\"@type\":\"ReadAction\",\"target\":[\"https:\/\/www.iaeste-darmstadt.de\/new\/incoming\/\"]}]},{\"@type\":\"ImageObject\",\"inLanguage\":\"de\",\"@id\":\"https:\/\/www.iaeste-darmstadt.de\/new\/incoming\/#primaryimage\",\"url\":\"https:\/\/www.iaeste-darmstadt.de\/new\/wp-content\/uploads\/2019\/04\/Luisenplatz-und-Regierungspraesidium-Darmstadt-Marketing-Ruediger-Dunker.jpg\",\"contentUrl\":\"https:\/\/www.iaeste-darmstadt.de\/new\/wp-content\/uploads\/2019\/04\/Luisenplatz-und-Regierungspraesidium-Darmstadt-Marketing-Ruediger-Dunker.jpg\",\"width\":3531,\"height\":2350},{\"@type\":\"BreadcrumbList\",\"@id\":\"https:\/\/www.iaeste-darmstadt.de\/new\/incoming\/#breadcrumb\",\"itemListElement\":[{\"@type\":\"ListItem\",\"position\":1,\"name\":\"Startseite\",\"item\":\"https:\/\/www.iaeste-darmstadt.de\/new\/\"},{\"@type\":\"ListItem\",\"position\":2,\"name\":\"Incoming\"}]},{\"@type\":\"WebSite\",\"@id\":\"https:\/\/www.iaeste-darmstadt.de\/new\/#website\",\"url\":\"https:\/\/www.iaeste-darmstadt.de\/new\/\",\"name\":\"IAESTE LC Darmstadt\",\"description\":\"International Association for the Exchange of Students for Technical Experience\",\"potentialAction\":[{\"@type\":\"SearchAction\",\"target\":{\"@type\":\"EntryPoint\",\"urlTemplate\":\"https:\/\/www.iaeste-darmstadt.de\/new\/?s={search_term_string}\"},\"query-input\":{\"@type\":\"PropertyValueSpecification\",\"valueRequired\":true,\"valueName\":\"search_term_string\"}}],\"inLanguage\":\"de\"}]}<\/script>\n<!-- \/ Yoast SEO plugin. -->","yoast_head_json":{"title":"Incoming - IAESTE LC Darmstadt","robots":{"index":"index","follow":"follow","max-snippet":"max-snippet:-1","max-image-preview":"max-image-preview:large","max-video-preview":"max-video-preview:-1"},"canonical":"https:\/\/www.iaeste-darmstadt.de\/new\/incoming\/","og_locale":"de_DE","og_type":"article","og_title":"Incoming - IAESTE LC Darmstadt","og_description":"Welcome to Darmstadt! Wir freuen uns, dass du dich f\u00fcr ein Praktikum in Darmstadt beworben hast. Sobald der\/die Arbeitgeber*in deine Bewerbung akzeptiert hat, steht deinem Praktikum nichts mehr im Wege! Wir sind eine kleine Gruppe von ca. 10 Student*innen in [&hellip;]","og_url":"https:\/\/www.iaeste-darmstadt.de\/new\/incoming\/","og_site_name":"IAESTE LC Darmstadt","article_modified_time":"2024-04-01T08:49:52+00:00","og_image":[{"url":"https:\/\/www.iaeste-darmstadt.de\/new\/wp-content\/uploads\/2019\/04\/Luisenplatz-und-Regierungspraesidium-Darmstadt-Marketing-Ruediger-Dunker-1024x682.jpg","type":"","width":"","height":""}],"twitter_card":"summary_large_image","twitter_misc":{"Gesch\u00e4tzte Lesezeit":"2\u00a0Minuten"},"schema":{"@context":"https:\/\/schema.org","@graph":[{"@type":"WebPage","@id":"https:\/\/www.iaeste-darmstadt.de\/new\/incoming\/","url":"https:\/\/www.iaeste-darmstadt.de\/new\/incoming\/","name":"Incoming - IAESTE LC Darmstadt","isPartOf":{"@id":"https:\/\/www.iaeste-darmstadt.de\/new\/#website"},"primaryImageOfPage":{"@id":"https:\/\/www.iaeste-darmstadt.de\/new\/incoming\/#primaryimage"},"image":{"@id":"https:\/\/www.iaeste-darmstadt.de\/new\/incoming\/#primaryimage"},"thumbnailUrl":"https:\/\/www.iaeste-darmstadt.de\/new\/wp-content\/uploads\/2019\/04\/Luisenplatz-und-Regierungspraesidium-Darmstadt-Marketing-Ruediger-Dunker-1024x682.jpg","datePublished":"2019-02-06T23:58:19+00:00","dateModified":"2024-04-01T08:49:52+00:00","breadcrumb":{"@id":"https:\/\/www.iaeste-darmstadt.de\/new\/incoming\/#breadcrumb"},"inLanguage":"de","potentialAction":[{"@type":"ReadAction","target":["https:\/\/www.iaeste-darmstadt.de\/new\/incoming\/"]}]},{"@type":"ImageObject","inLanguage":"de","@id":"https:\/\/www.iaeste-darmstadt.de\/new\/incoming\/#primaryimage","url":"https:\/\/www.iaeste-darmstadt.de\/new\/wp-content\/uploads\/2019\/04\/Luisenplatz-und-Regierungspraesidium-Darmstadt-Marketing-Ruediger-Dunker.jpg","contentUrl":"https:\/\/www.iaeste-darmstadt.de\/new\/wp-content\/uploads\/2019\/04\/Luisenplatz-und-Regierungspraesidium-Darmstadt-Marketing-Ruediger-Dunker.jpg","width":3531,"height":2350},{"@type":"BreadcrumbList","@id":"https:\/\/www.iaeste-darmstadt.de\/new\/incoming\/#breadcrumb","itemListElement":[{"@type":"ListItem","position":1,"name":"Startseite","item":"https:\/\/www.iaeste-darmstadt.de\/new\/"},{"@type":"ListItem","position":2,"name":"Incoming"}]},{"@type":"WebSite","@id":"https:\/\/www.iaeste-darmstadt.de\/new\/#website","url":"https:\/\/www.iaeste-darmstadt.de\/new\/","name":"IAESTE LC Darmstadt","description":"International Association for the Exchange of Students for Technical Experience","potentialAction":[{"@type":"SearchAction","target":{"@type":"EntryPoint","urlTemplate":"https:\/\/www.iaeste-darmstadt.de\/new\/?s={search_term_string}"},"query-input":{"@type":"PropertyValueSpecification","valueRequired":true,"valueName":"search_term_string"}}],"inLanguage":"de"}]}},"_links":{"self":[{"href":"https:\/\/www.iaeste-darmstadt.de\/new\/wp-json\/wp\/v2\/pages\/36","targetHints":{"allow":["GET"]}}],"collection":[{"href":"https:\/\/www.iaeste-darmstadt.de\/new\/wp-json\/wp\/v2\/pages"}],"about":[{"href":"https:\/\/www.iaeste-darmstadt.de\/new\/wp-json\/wp\/v2\/types\/page"}],"author":[{"embeddable":true,"href":"https:\/\/www.iaeste-darmstadt.de\/new\/wp-json\/wp\/v2\/users\/1"}],"replies":[{"embeddable":true,"href":"https:\/\/www.iaeste-darmstadt.de\/new\/wp-json\/wp\/v2\/comments?post=36"}],"version-history":[{"count":16,"href":"https:\/\/www.iaeste-darmstadt.de\/new\/wp-json\/wp\/v2\/pages\/36\/revisions"}],"predecessor-version":[{"id":1025,"href":"https:\/\/www.iaeste-darmstadt.de\/new\/wp-json\/wp\/v2\/pages\/36\/revisions\/1025"}],"wp:attachment":[{"href":"https:\/\/www.iaeste-darmstadt.de\/new\/wp-json\/wp\/v2\/media?parent=36"}],"curies":[{"name":"wp","href":"https:\/\/api.w.org\/{rel}","templated":true}]}}